{"id":2262,"date":"2024-08-18T14:22:30","date_gmt":"2024-08-18T12:22:30","guid":{"rendered":"https:\/\/fc-bas-gibloux.ch\/?page_id=2262"},"modified":"2025-04-12T07:54:48","modified_gmt":"2025-04-12T05:54:48","slug":"nos-actifs-2024-2025","status":"publish","type":"page","link":"https:\/\/fc-bas-gibloux.ch\/?page_id=2262","title":{"rendered":"Nos actifs 2024-2025"},"content":{"rendered":"<p>[et_pb_section fb_built=\u00a0\u00bb1&Prime; admin_label=\u00a0\u00bbHeader\u00a0\u00bb _builder_version=\u00a0\u00bb4.16&Prime; use_background_color_gradient=\u00a0\u00bbon\u00a0\u00bb background_color_gradient_direction=\u00a0\u00bb120deg\u00a0\u00bb background_color_gradient_stops=\u00a0\u00bbrgba(0,37,68,0.7) 60%|rgba(0,37,68,0.5) 60%\u00a0\u00bb background_color_gradient_overlays_image=\u00a0\u00bbon\u00a0\u00bb background_color_gradient_start=\u00a0\u00bbrgba(0,37,68,0.7)\u00a0\u00bb background_color_gradient_start_position=\u00a0\u00bb60%\u00a0\u00bb background_color_gradient_end=\u00a0\u00bbrgba(0,37,68,0.5)\u00a0\u00bb background_color_gradient_end_position=\u00a0\u00bb60%\u00a0\u00bb background_image=\u00a0\u00bbhttps:\/\/fc-bas-gibloux.ch\/wp-content\/uploads\/2024\/01\/soccer-11.jpg\u00a0\u00bb custom_padding=\u00a0\u00bb7vw|0px|7vw|0px|true|false\u00a0\u00bb global_colors_info=\u00a0\u00bb{}\u00a0\u00bb][et_pb_row column_structure=\u00a0\u00bb2_3,1_3&Prime; _builder_version=\u00a0\u00bb4.16&Prime; custom_width_px__hover=\u00a0\u00bb1080px\u00a0\u00bb custom_width_px__hover_enabled=\u00a0\u00bb1080px\u00a0\u00bb custom_width_percent__hover=\u00a0\u00bb80%\u00a0\u00bb custom_width_percent__hover_enabled=\u00a0\u00bb80%\u00a0\u00bb global_colors_info=\u00a0\u00bb{}\u00a0\u00bb make_fullwidth__hover=\u00a0\u00bboff\u00a0\u00bb make_fullwidth__hover_enabled=\u00a0\u00bboff\u00a0\u00bb use_custom_width__hover=\u00a0\u00bboff\u00a0\u00bb use_custom_width__hover_enabled=\u00a0\u00bboff\u00a0\u00bb width_unit__hover=\u00a0\u00bbon\u00a0\u00bb width_unit__hover_enabled=\u00a0\u00bbon\u00a0\u00bb use_custom_gutter__hover=\u00a0\u00bboff\u00a0\u00bb use_custom_gutter__hover_enabled=\u00a0\u00bboff\u00a0\u00bb gutter_width__hover=\u00a0\u00bb3&Prime; gutter_width__hover_enabled=\u00a0\u00bb3&Prime; make_equal__hover=\u00a0\u00bboff\u00a0\u00bb make_equal__hover_enabled=\u00a0\u00bboff\u00a0\u00bb][et_pb_column type=\u00a0\u00bb2_3&Prime; _builder_version=\u00a0\u00bb4.16&Prime; custom_padding=\u00a0\u00bb|||\u00a0\u00bb global_colors_info=\u00a0\u00bb{}\u00a0\u00bb custom_padding__hover=\u00a0\u00bb|||\u00a0\u00bb][et_pb_text _builder_version=\u00a0\u00bb4.27.0&Prime; text_font=\u00a0\u00bbOpen Sans||||||||\u00a0\u00bb text_font_size=\u00a0\u00bb16px\u00a0\u00bb text_line_height=\u00a0\u00bb1.8em\u00a0\u00bb header_font=\u00a0\u00bbSquada One|||on|||||\u00a0\u00bb header_font_size=\u00a0\u00bb60px\u00a0\u00bb header_letter_spacing=\u00a0\u00bb1px\u00a0\u00bb header_line_height=\u00a0\u00bb1.1em\u00a0\u00bb background_layout=\u00a0\u00bbdark\u00a0\u00bb max_width=\u00a0\u00bb700px\u00a0\u00bb animation_style=\u00a0\u00bbfade\u00a0\u00bb text_font_size_tablet=\u00a0\u00bb\u00a0\u00bb text_font_size_phone=\u00a0\u00bb\u00a0\u00bb text_font_size_last_edited=\u00a0\u00bbon|desktop\u00a0\u00bb text_line_height_tablet=\u00a0\u00bb\u00a0\u00bb text_line_height_phone=\u00a0\u00bb\u00a0\u00bb text_line_height_last_edited=\u00a0\u00bbon|desktop\u00a0\u00bb header_font_size_tablet=\u00a0\u00bb\u00a0\u00bb header_font_size_phone=\u00a0\u00bb32px\u00a0\u00bb header_font_size_last_edited=\u00a0\u00bbon|phone\u00a0\u00bb global_colors_info=\u00a0\u00bb{}\u00a0\u00bb]<\/p>\n<h1>Les Actifs 2024-2025<\/h1>\n<p>[\/et_pb_text][\/et_pb_column][et_pb_column type=\u00a0\u00bb1_3&Prime; _builder_version=\u00a0\u00bb4.16&Prime; custom_padding=\u00a0\u00bb|||\u00a0\u00bb global_colors_info=\u00a0\u00bb{}\u00a0\u00bb custom_padding__hover=\u00a0\u00bb|||\u00a0\u00bb][et_pb_image src=\u00a0\u00bbhttps:\/\/fc-bas-gibloux.ch\/wp-content\/uploads\/2021\/04\/logo.png\u00a0\u00bb title_text=\u00a0\u00bblogo\u00a0\u00bb disabled_on=\u00a0\u00bbon|off|off\u00a0\u00bb _builder_version=\u00a0\u00bb4.24.0&Prime; _module_preset=\u00a0\u00bbdefault\u00a0\u00bb global_colors_info=\u00a0\u00bb{}\u00a0\u00bb][\/et_pb_image][\/et_pb_column][\/et_pb_row][\/et_pb_section][et_pb_section fb_built=\u00a0\u00bb1&Prime; admin_label=\u00a0\u00bbActifs\u00a0\u00bb _builder_version=\u00a0\u00bb4.23.4&Prime; background_color=\u00a0\u00bb#f4f4f4&Prime; custom_margin=\u00a0\u00bb0px||||false|false\u00a0\u00bb custom_padding=\u00a0\u00bb0px||||false|false\u00a0\u00bb global_colors_info=\u00a0\u00bb{}\u00a0\u00bb][et_pb_row use_custom_gutter=\u00a0\u00bbon\u00a0\u00bb gutter_width=\u00a0\u00bb2&Prime; _builder_version=\u00a0\u00bb4.27.0&Prime; width=\u00a0\u00bb79%\u00a0\u00bb width_tablet=\u00a0\u00bb100%\u00a0\u00bb width_phone=\u00a0\u00bb100%\u00a0\u00bb width_last_edited=\u00a0\u00bbon|desktop\u00a0\u00bb custom_padding=\u00a0\u00bb27px|0px|0|0px|false|false\u00a0\u00bb global_colors_info=\u00a0\u00bb{}\u00a0\u00bb][et_pb_column type=\u00a0\u00bb4_4&Prime; _builder_version=\u00a0\u00bb4.16&Prime; custom_padding=\u00a0\u00bb|||\u00a0\u00bb global_colors_info=\u00a0\u00bb{}\u00a0\u00bb custom_padding__hover=\u00a0\u00bb|||\u00a0\u00bb][dsm_content_timeline dsm_timeline_style=\u00a0\u00bbleft\u00a0\u00bb dsm_responsive_style=\u00a0\u00bbleft\u00a0\u00bb dsm_card_arrow=\u00a0\u00bbon\u00a0\u00bb dsm_tree_animation=\u00a0\u00bbon\u00a0\u00bb dsm_image_lightbox=\u00a0\u00bbon\u00a0\u00bb dsm_image_lightbox_tablet=\u00a0\u00bbon\u00a0\u00bb dsm_image_lightbox_phone=\u00a0\u00bbon\u00a0\u00bb dsm_image_lightbox_last_edited=\u00a0\u00bbon|desktop\u00a0\u00bb _builder_version=\u00a0\u00bb4.27.4&Prime; _module_preset=\u00a0\u00bbdefault\u00a0\u00bb width=\u00a0\u00bb100%\u00a0\u00bb max_width_tablet=\u00a0\u00bb\u00a0\u00bb max_width_phone=\u00a0\u00bb100%\u00a0\u00bb max_width_last_edited=\u00a0\u00bbon|phone\u00a0\u00bb hover_enabled=\u00a0\u00bb0&Prime; module_alignment_tablet=\u00a0\u00bb\u00a0\u00bb module_alignment_phone=\u00a0\u00bbcenter\u00a0\u00bb module_alignment_last_edited=\u00a0\u00bbon|phone\u00a0\u00bb global_colors_info=\u00a0\u00bb{}\u00a0\u00bb sticky_enabled=\u00a0\u00bb0&Prime;][dsm_content_timeline_child dsm_image=\u00a0\u00bbhttps:\/\/fc-bas-gibloux.ch\/wp-content\/uploads\/2024\/09\/saison24-25.png\u00a0\u00bb title_text=\u00a0\u00bbsaison24-25&Prime; dsm_title=\u00a0\u00bb3e ligue I\u00a0\u00bb dsm_content=\u00a0\u00bb<\/p>\n<p style=%22text-align: justify;%22>Devant, de gauche \u00e0 droite : Valentin Kern ; Lucas Berset ; Lucas Bafumi ; Simon Galley ; Emilien Morel ; Baptiste Zamofing ; Dorian Jemmely ; Mathieu Spicher ; Corentin Kern ; Timo Wyss ; Bryan Marcucci<\/p>\n<p style=%22text-align: justify;%22>Derri\u00e8re, de gauche \u00e0 droite : Karine Guillet (co-Pr\u00e9sidente) ; Olivier Jemmely (entra\u00eeneur) ; Dominic Aeby ; Colin Galley ; Sylvain M\u00fcller ; Robin Savary ; Guillaume Br\u00fchlart ; Baptiste Grand ; Bastien Kolly ; Jeremy Rolle ; Lo\u00efc Van Nieuwenhuyze ; C\u00e9dric Galley (entra\u00eeneur)<\/p>\n<p>\u00a0\u00bb button_text=\u00a0\u00bbR\u00e9sultats et calendrier\u00a0\u00bb button_url=\u00a0\u00bbhttps:\/\/matchcenter.aff-ffv.ch\/default.aspx?v=543782&#038;oid=13&#038;lng=2&#038;t=63260&#038;a=trr\u00a0\u00bb button_url_new_window=\u00a0\u00bbon\u00a0\u00bb dsm_horizontal_alignment=\u00a0\u00bbleft\u00a0\u00bb dsm_image_icon_width_tablet=\u00a0\u00bb\u00a0\u00bb dsm_image_icon_width_phone=\u00a0\u00bb\u00a0\u00bb dsm_image_icon_width_last_edited=\u00a0\u00bbon|desktop\u00a0\u00bb _builder_version=\u00a0\u00bb4.27.0&Prime; _module_preset=\u00a0\u00bbdefault\u00a0\u00bb background_color=\u00a0\u00bbrgba(255,255,255,0)\u00a0\u00bb background_enable_color=\u00a0\u00bbon\u00a0\u00bb global_colors_info=\u00a0\u00bb{}\u00a0\u00bb parent_header_level=\u00a0\u00bbh4&Prime;][\/dsm_content_timeline_child][dsm_content_timeline_child dsm_image=\u00a0\u00bbhttps:\/\/fc-bas-gibloux.ch\/wp-content\/uploads\/2024\/09\/saison24-25_-1.png\u00a0\u00bb title_text=\u00a0\u00bbsaison24-25_\u00a0\u00bb dsm_title=\u00a0\u00bb5e ligue II\u00a0\u00bb dsm_content=\u00a0\u00bb<\/p>\n<p>Devant, de gauche \u00e0 droite : C\u00e9dric Kolly (entra\u00eeneur) R\u00e9mi Zamofing ; Owen Mills ; Ga\u00ebl Vonlanthen ; Olivier Gumy ; Jos\u00e9 Zimmerli ; Mehdi Piccand ; Jeremiah Boll ; Adrien Ang\u00e9loz ; Fran\u00e7ois Monney<\/p>\n<p>Derri\u00e8re, de gauche \u00e0 droite : Pablo Soares ; Anthony Vonlanthen ; Fran\u00e7ois-Pierre No\u00ebl ; Xavier Pittet ; Jonathan Cudr\u00e9 ; Valentin Kolly ; Miguel Rodrigues ; Patrick Gassmann ; Pascal Schouwey ; Gr\u00e9gory Vonlanthen (entra\u00eeneur)<\/p>\n<p>\u00a0\u00bb button_text=\u00a0\u00bbR\u00e9sultats et calendrier\u00a0\u00bb button_url=\u00a0\u00bbhttps:\/\/matchcenter.aff-ffv.ch\/default.aspx?v=543782&#038;oid=13&#038;lng=2&#038;t=45599&#038;a=trr\u00a0\u00bb button_url_new_window=\u00a0\u00bbon\u00a0\u00bb dsm_horizontal_alignment=\u00a0\u00bbleft\u00a0\u00bb _builder_version=\u00a0\u00bb4.27.0&Prime; _module_preset=\u00a0\u00bbdefault\u00a0\u00bb background_color=\u00a0\u00bbrgba(255,255,255,0)\u00a0\u00bb background_enable_color=\u00a0\u00bbon\u00a0\u00bb global_colors_info=\u00a0\u00bb{}\u00a0\u00bb parent_header_level=\u00a0\u00bbh4&Prime;][\/dsm_content_timeline_child][dsm_content_timeline_child dsm_image=\u00a0\u00bbhttps:\/\/fc-bas-gibloux.ch\/wp-content\/uploads\/2022\/03\/equipe-de-football-masculine-prenant-photo-vector-illustration-sketch-doodle-trace-a-la-main-avec-des-lignes-noires-isolees-sur-fond-blanc-2d9nha1-e1647501267768.jpeg\u00a0\u00bb title_text=\u00a0\u00bbequipe-de-football\u00a0\u00bb dsm_title=\u00a0\u00bbS\u00e9niors 30+\u00a0\u00bb button_text=\u00a0\u00bbR\u00e9sultats et calendrier\u00a0\u00bb button_url=\u00a0\u00bbhttps:\/\/matchcenter.aff-ffv.ch\/default.aspx?v=543782&#038;oid=13&#038;lng=2&#038;t=73749&#038;a=trr\u00a0\u00bb button_url_new_window=\u00a0\u00bbon\u00a0\u00bb _builder_version=\u00a0\u00bb4.27.0&Prime; _module_preset=\u00a0\u00bbdefault\u00a0\u00bb background_color=\u00a0\u00bbrgba(255,255,255,0)\u00a0\u00bb background_enable_color=\u00a0\u00bbon\u00a0\u00bb global_colors_info=\u00a0\u00bb{}\u00a0\u00bb parent_header_level=\u00a0\u00bbh4&Prime;][\/dsm_content_timeline_child][dsm_content_timeline_child dsm_image=\u00a0\u00bbhttps:\/\/fc-bas-gibloux.ch\/wp-content\/uploads\/2025\/04\/senior40_2024_25-scaled.jpg\u00a0\u00bb title_text=\u00a0\u00bbS\u00e9niors 40+\u00a0\u00bb dsm_title=\u00a0\u00bbS\u00e9niors 40+\u00a0\u00bb button_text=\u00a0\u00bbR\u00e9sultats et calendrier\u00a0\u00bb button_url=\u00a0\u00bbhttps:\/\/matchcenter.aff-ffv.ch\/default.aspx?v=543782&#038;oid=13&#038;lng=2&#038;t=45600&#038;a=trr\u00a0\u00bb button_url_new_window=\u00a0\u00bbon\u00a0\u00bb _builder_version=\u00a0\u00bb4.27.4&Prime; _module_preset=\u00a0\u00bbdefault\u00a0\u00bb background_color=\u00a0\u00bbrgba(255,255,255,0)\u00a0\u00bb background_enable_color=\u00a0\u00bbon\u00a0\u00bb hover_enabled=\u00a0\u00bb0&Prime; global_colors_info=\u00a0\u00bb{}\u00a0\u00bb parent_header_level=\u00a0\u00bbh4&Prime; sticky_enabled=\u00a0\u00bb0&Prime;][\/dsm_content_timeline_child][\/dsm_content_timeline][\/et_pb_column][\/et_pb_row][\/et_pb_section]<\/p>\n","protected":false},"excerpt":{"rendered":"<p>Les Actifs 2024-2025<div class=\"et_pb_module dsm_content_timeline dsm_content_timeline_0\">\n\t\t\t\t\n\t\t\t\t\n\t\t\t\t\n\t\t\t\t\n\t\t\t\t\n\t\t\t\t\n\t\t\t\t<div class=\"et_pb_module_inner\">\n\t\t\t\t\t<div class=\"dsm-content-timeline-items-wrapper dsm-left\" data-tree-animation=\"on\" data-tree-animation-tablet=\"\" data-tree-animation-phone=\"\" data-image_lightbox=\"on\">\n\t\t\t<div class=\"dsm-content-timeline-tree\">\n\t\t\t\t<div class=\"dsm-content-timeline-tree-progress\"><\/div>\n\t\t\t<\/div>\n\t\t   \n\t\t<\/div>\n\t\t\n\t\t\t\t<\/div>\n\t\t\t<\/div><div class=\"dsm-content-timeline-item-wrapper dsm_content_timeline_child_0\">\n\t\t\t\t\n\t\t\t\t<div class=\"dsm-content-timeline-content-wrapper dsm_wrapper_dsm_content_timeline_child_0 dsm-visibility\">   \t\t\n\t\t\t\t\t\n\t\t\t\t\t<div class=\"dsm-image-wrapper\"><div class=\"dsm-image\"><img decoding=\"async\" src=\"https:\/\/fc-bas-gibloux.ch\/wp-content\/uploads\/2024\/09\/saison24-25.png\" alt=\"\" title=\"saison24-25\" srcset=\"https:\/\/fc-bas-gibloux.ch\/wp-content\/uploads\/2024\/09\/saison24-25.png 1280w, https:\/\/fc-bas-gibloux.ch\/wp-content\/uploads\/2024\/09\/saison24-25-980x668.png 980w, https:\/\/fc-bas-gibloux.ch\/wp-content\/uploads\/2024\/09\/saison24-25-480x327.png 480w\" sizes=\"(min-width: 0px) and (max-width: 480px) 480px, (min-width: 481px) and (max-width: 980px) 980px, (min-width: 981px) 1280px, 100vw\" \/><\/div><\/div>\n\t\t\t\t\t\n\t\t\t\t\t<div class=\"dsm-timeline-content\">\n\t\t\t\t\t\t<h4 class=\"dsm-title\">3e ligue I<\/h4>\n\t\t\t\t\t\t<div class=\"dsm-description\">Devant, de gauche \u00e0 droite : Valentin Kern ; Lucas Berset ; Lucas Bafumi ; Simon Galley ; Emilien Morel ; Baptiste Zamofing ; Dorian Jemmely ; Mathieu Spicher ; Corentin Kern ; Timo Wyss ; Bryan Marcucci Derri\u00e8re, de gauche \u00e0 droite : Karine Guillet (co-Pr\u00e9sidente) ; Olivier Jemmely (entra\u00eeneur) ; Dominic Aeby ; Colin Galley ; Sylvain M\u00fcller ; Robin Savary ; Guillaume Br\u00fchlart ; Baptiste Grand ; Bastien Kolly ; Jeremy Rolle ; Lo\u00efc Van Nieuwenhuyze ; C\u00e9dric Galley (entra\u00eeneur)<\/div>\n\t\t\t\t\t\t\n\t\t\t\t\t\t<div class=\"et_pb_button_wrapper\"><a class=\"et_pb_button dsm_button\" href=\"https:\/\/matchcenter.aff-ffv.ch\/default.aspx?v=543782&#038;oid=13&#038;lng=2&#038;t=63260&#038;a=trr\" target=\"_blank\">R\u00e9sultats et calendrier<\/a><\/div>\n\t\t\t\t\t<\/div>\t\n\t\t\t\t<\/div>\n\t\t\t\t<div class=\"dsm-pointer-wrapper\">\n\t\t\t\t\t\n\t\t\t\t\t\n\t\t\t\t<\/div>\n\t\t\t<\/div><div class=\"dsm-content-timeline-item-wrapper dsm_content_timeline_child_1\">\n\t\t\t\t\n\t\t\t\t<div class=\"dsm-content-timeline-content-wrapper dsm_wrapper_dsm_content_timeline_child_1 dsm-visibility\">   \t\t\n\t\t\t\t\t\n\t\t\t\t\t<div class=\"dsm-image-wrapper\"><div class=\"dsm-image\"><img decoding=\"async\" src=\"\" alt=\"\" title=\"\u00bbsaison24-25_\" class=\"et_multi_view_hidden_image\" \/><\/div><\/div>\n\t\t\t\t\t\n\t\t\t\t\t<div class=\"dsm-timeline-content\">\n\t\t\t\t\t\t<h4 class=\"dsm-title\">\u00bb5e<\/h4>\n\t\t\t\t\t\t<div class=\"dsm-description\">\u00bbDevant,<\/div>\n\t\t\t\t\t\t\n\t\t\t\t\t\t\n\t\t\t\t\t<\/div>\t\n\t\t\t\t<\/div>\n\t\t\t\t<div class=\"dsm-pointer-wrapper\">\n\t\t\t\t\t\n\t\t\t\t\t\n\t\t\t\t<\/div>\n\t\t\t<\/div><\/p>\n","protected":false},"author":1,"featured_media":0,"parent":0,"menu_order":0,"comment_status":"closed","ping_status":"closed","template":"","meta":{"_et_pb_use_builder":"on","_et_pb_old_content":"","_et_gb_content_width":"","footnotes":""},"class_list":["post-2262","page","type-page","status-publish","hentry"],"_links":{"self":[{"href":"https:\/\/fc-bas-gibloux.ch\/index.php?rest_route=\/wp\/v2\/pages\/2262","targetHints":{"allow":["GET"]}}],"collection":[{"href":"https:\/\/fc-bas-gibloux.ch\/index.php?rest_route=\/wp\/v2\/pages"}],"about":[{"href":"https:\/\/fc-bas-gibloux.ch\/index.php?rest_route=\/wp\/v2\/types\/page"}],"author":[{"embeddable":true,"href":"https:\/\/fc-bas-gibloux.ch\/index.php?rest_route=\/wp\/v2\/users\/1"}],"replies":[{"embeddable":true,"href":"https:\/\/fc-bas-gibloux.ch\/index.php?rest_route=%2Fwp%2Fv2%2Fcomments&post=2262"}],"version-history":[{"count":10,"href":"https:\/\/fc-bas-gibloux.ch\/index.php?rest_route=\/wp\/v2\/pages\/2262\/revisions"}],"predecessor-version":[{"id":2707,"href":"https:\/\/fc-bas-gibloux.ch\/index.php?rest_route=\/wp\/v2\/pages\/2262\/revisions\/2707"}],"wp:attachment":[{"href":"https:\/\/fc-bas-gibloux.ch\/index.php?rest_route=%2Fwp%2Fv2%2Fmedia&parent=2262"}],"curies":[{"name":"wp","href":"https:\/\/api.w.org\/{rel}","templated":true}]}}